{"id":1152,"date":"2024-08-02T16:48:37","date_gmt":"2024-08-02T16:48:37","guid":{"rendered":"https:\/\/spliteletro.com.br\/?post_type=product&#038;p=1152"},"modified":"2026-03-11T15:07:42","modified_gmt":"2026-03-11T18:07:42","slug":"placa-condensadora-lg-ebr786320042016","status":"publish","type":"product","link":"https:\/\/spliteletro.com.br\/pt\/produto\/placa-condensadora-lg-ebr786320042016\/","title":{"rendered":"Placa Condensadora &#8211; EBR78632004 &#8211; !VERIFICAR DESCRI\u00c7\u00c3O!"},"content":{"rendered":"<p>C\u00f3digos:<\/p>\n<p>EBR78632004<\/p>\n<p>EBR83128409<\/p>\n<p>EBR85145402<\/p>\n<p>EBR81128409<\/p>\n<p>EBR75260024<\/p>\n<h3><em><strong>ENTRAR EM CONTATO OU DEIXE DESCRITO SE QUISER ALGUMA EM ESPECIFICO, CASO N\u00c3O SEJA SOLICITADO SER\u00c1 ENVIADO SOMENTE A EBR78632004.<\/strong><\/em><\/h3>\n<p>Quente &#8211; Frio<\/p>\n<p><strong>9k<\/strong> BTUs<\/p>\n<p>Modelos Comp\u00e1tiveis:<\/p>\n<ul>\n<li>US-QO92WSAO.ANWBLAZ<\/li>\n<li>USNQO92WSAO.ANWBLAZ<\/li>\n<li>USUQO92WSAO.ANWBLAZ<\/li>\n<li>US-Q092WSG3.ANWGLAZ<\/li>\n<li>USNQ092WSG3.ANWGLAZ<\/li>\n<li>USUQO92WSG3.ANWGLAZ<\/li>\n<\/ul>","protected":false},"excerpt":{"rendered":"<p>C\u00f3digos: EBR78632004 EBR83128409 EBR85145402 EBR81128409 EBR75260024 ENTRAR EM CONTATO OU DEIXE DESCRITO SE QUISER ALGUMA EM ESPECIFICO, CASO N\u00c3O SEJA SOLICITADO SER\u00c1 ENVIADO SOMENTE A EBR78632004. Quente &#8211; Frio 9k BTUs Modelos Comp\u00e1tiveis: US-QO92WSAO.ANWBLAZ USNQO92WSAO.ANWBLAZ USUQO92WSAO.ANWBLAZ US-Q092WSG3.ANWGLAZ USNQ092WSG3.ANWGLAZ USUQO92WSG3.ANWGLAZ<\/p>","protected":false},"featured_media":1153,"comment_status":"open","ping_status":"closed","template":"","meta":{"_joinchat":[]},"product_brand":[],"product_cat":[39,36],"product_tag":[],"class_list":{"0":"post-1152","1":"product","2":"type-product","3":"status-publish","4":"has-post-thumbnail","6":"product_cat-condensadora","7":"product_cat-inverter","8":"product_shipping_class-super-frete","10":"first","11":"instock","12":"shipping-taxable","13":"purchasable","14":"product-type-simple"},"_links":{"self":[{"href":"https:\/\/spliteletro.com.br\/pt\/wp-json\/wp\/v2\/product\/1152","targetHints":{"allow":["GET"]}}],"collection":[{"href":"https:\/\/spliteletro.com.br\/pt\/wp-json\/wp\/v2\/product"}],"about":[{"href":"https:\/\/spliteletro.com.br\/pt\/wp-json\/wp\/v2\/types\/product"}],"replies":[{"embeddable":true,"href":"https:\/\/spliteletro.com.br\/pt\/wp-json\/wp\/v2\/comments?post=1152"}],"wp:featuredmedia":[{"embeddable":true,"href":"https:\/\/spliteletro.com.br\/pt\/wp-json\/wp\/v2\/media\/1153"}],"wp:attachment":[{"href":"https:\/\/spliteletro.com.br\/pt\/wp-json\/wp\/v2\/media?parent=1152"}],"wp:term":[{"taxonomy":"product_brand","embeddable":true,"href":"https:\/\/spliteletro.com.br\/pt\/wp-json\/wp\/v2\/product_brand?post=1152"},{"taxonomy":"product_cat","embeddable":true,"href":"https:\/\/spliteletro.com.br\/pt\/wp-json\/wp\/v2\/product_cat?post=1152"},{"taxonomy":"product_tag","embeddable":true,"href":"https:\/\/spliteletro.com.br\/pt\/wp-json\/wp\/v2\/product_tag?post=1152"}],"curies":[{"name":"wp","href":"https:\/\/api.w.org\/{rel}","templated":true}]}}