{"id":1399,"date":"2025-01-07T17:46:41","date_gmt":"2025-01-07T17:46:41","guid":{"rendered":"https:\/\/spliteletro.com.br\/?post_type=product&#038;p=1399"},"modified":"2025-08-05T16:25:16","modified_gmt":"2025-08-05T19:25:16","slug":"placa-condensadora-gree-300027000309-conferir-descricao","status":"publish","type":"product","link":"https:\/\/spliteletro.com.br\/pt\/produto\/placa-condensadora-gree-300027000309-conferir-descricao\/","title":{"rendered":"Placa Condensadora &#8211; Gree &#8211; 300027000309 &#8211; !conferir Descri\u00e7\u00e3o!"},"content":{"rendered":"<p>Marca: Gree<\/p>\n<p>C\u00f3digo: 300027000309 &amp; 300027000309(da <span style=\"color: #ff0000;\">Q-F<\/span>)<\/p>\n<p>S\u00f3 Fria (<strong>Dispon\u00edveis 3<\/strong>)<\/p>\n<p><span style=\"color: #ff0000;\">Quente &#8211; Frio (<strong>Dispon\u00edveis 1<\/strong>)<\/span><\/p>\n<h3><em><strong>POR FAVOR, ENTRAR EM CONTATO SE QUISER A <span style=\"color: #ff0000;\">QUENTE-FRIO<\/span>, CASO N\u00c3O SEJA SOLICITADO SER\u00c1 ENVIADO SOMENTE A FRIA.<\/strong><\/em><\/h3>\n<p>&nbsp;<\/p>","protected":false},"excerpt":{"rendered":"<p>Marca: Gree C\u00f3digo: 300027000309 &amp; 300027000309(da Q-F) S\u00f3 Fria (Dispon\u00edveis 3) Quente &#8211; Frio (Dispon\u00edveis 1) POR FAVOR, ENTRAR EM CONTATO SE QUISER A QUENTE-FRIO, CASO N\u00c3O SEJA SOLICITADO SER\u00c1 ENVIADO SOMENTE A FRIA. &nbsp;<\/p>","protected":false},"featured_media":1400,"comment_status":"open","ping_status":"closed","template":"","meta":{"_joinchat":[]},"product_brand":[],"product_cat":[39,42],"product_tag":[],"class_list":{"0":"post-1399","1":"product","2":"type-product","3":"status-publish","4":"has-post-thumbnail","6":"product_cat-condensadora","7":"product_cat-gree","8":"product_shipping_class-super-frete","10":"first","11":"instock","12":"shipping-taxable","13":"purchasable","14":"product-type-simple"},"_links":{"self":[{"href":"https:\/\/spliteletro.com.br\/pt\/wp-json\/wp\/v2\/product\/1399","targetHints":{"allow":["GET"]}}],"collection":[{"href":"https:\/\/spliteletro.com.br\/pt\/wp-json\/wp\/v2\/product"}],"about":[{"href":"https:\/\/spliteletro.com.br\/pt\/wp-json\/wp\/v2\/types\/product"}],"replies":[{"embeddable":true,"href":"https:\/\/spliteletro.com.br\/pt\/wp-json\/wp\/v2\/comments?post=1399"}],"wp:featuredmedia":[{"embeddable":true,"href":"https:\/\/spliteletro.com.br\/pt\/wp-json\/wp\/v2\/media\/1400"}],"wp:attachment":[{"href":"https:\/\/spliteletro.com.br\/pt\/wp-json\/wp\/v2\/media?parent=1399"}],"wp:term":[{"taxonomy":"product_brand","embeddable":true,"href":"https:\/\/spliteletro.com.br\/pt\/wp-json\/wp\/v2\/product_brand?post=1399"},{"taxonomy":"product_cat","embeddable":true,"href":"https:\/\/spliteletro.com.br\/pt\/wp-json\/wp\/v2\/product_cat?post=1399"},{"taxonomy":"product_tag","embeddable":true,"href":"https:\/\/spliteletro.com.br\/pt\/wp-json\/wp\/v2\/product_tag?post=1399"}],"curies":[{"name":"wp","href":"https:\/\/api.w.org\/{rel}","templated":true}]}}