{"id":1403,"date":"2025-01-07T18:16:13","date_gmt":"2025-01-07T18:16:13","guid":{"rendered":"https:\/\/spliteletro.com.br\/?post_type=product&#038;p=1403"},"modified":"2025-08-05T16:25:16","modified_gmt":"2025-08-05T19:25:16","slug":"placa-condensadora-gree-300027060320-conferir-descricao","status":"publish","type":"product","link":"https:\/\/spliteletro.com.br\/pt\/produto\/placa-condensadora-gree-300027060320-conferir-descricao\/","title":{"rendered":"Placa Condensadora &#8211; Gree &#8211; 300027060320 \u2013 !conferir Descri\u00e7\u00e3o!"},"content":{"rendered":"<p>Marca: Gree<\/p>\n<p>C\u00f3digo: 300027060320 &amp; 300027060321(da <span style=\"color: #ff0000;\">Fria<\/span>)<\/p>\n<p>Quente &#8211; Frio (Dispon\u00edvel 2)<\/p>\n<p><span style=\"color: #ff0000;\">S\u00f3 Fria (Dispon\u00edvel 2)<\/span><\/p>\n<h3><em><strong>POR FAVOR, ENTRAR EM CONTATO SE QUISER <\/strong><\/em><span style=\"color: #ff0000;\"><em><strong>SOMENTE <\/strong><\/em><\/span><em><strong><span style=\"color: #ff0000;\">A FRIA<\/span>, CASO N\u00c3O SEJA SOLICITADO SER\u00c1 ENVIADO A QUENTE-FRIO.<\/strong><\/em><\/h3>\n<p>&nbsp;<\/p>","protected":false},"excerpt":{"rendered":"<p>Marca: Gree C\u00f3digo: 300027060320 &amp; 300027060321(da Fria) Quente &#8211; Frio (Dispon\u00edvel 2) S\u00f3 Fria (Dispon\u00edvel 2) POR FAVOR, ENTRAR EM CONTATO SE QUISER SOMENTE A FRIA, CASO N\u00c3O SEJA SOLICITADO SER\u00c1 ENVIADO A QUENTE-FRIO. &nbsp;<\/p>","protected":false},"featured_media":1404,"comment_status":"open","ping_status":"closed","template":"","meta":{"_joinchat":[]},"product_brand":[],"product_cat":[39,42],"product_tag":[],"class_list":{"0":"post-1403","1":"product","2":"type-product","3":"status-publish","4":"has-post-thumbnail","6":"product_cat-condensadora","7":"product_cat-gree","8":"product_shipping_class-super-frete","10":"first","11":"instock","12":"sale","13":"shipping-taxable","14":"purchasable","15":"product-type-simple"},"_links":{"self":[{"href":"https:\/\/spliteletro.com.br\/pt\/wp-json\/wp\/v2\/product\/1403","targetHints":{"allow":["GET"]}}],"collection":[{"href":"https:\/\/spliteletro.com.br\/pt\/wp-json\/wp\/v2\/product"}],"about":[{"href":"https:\/\/spliteletro.com.br\/pt\/wp-json\/wp\/v2\/types\/product"}],"replies":[{"embeddable":true,"href":"https:\/\/spliteletro.com.br\/pt\/wp-json\/wp\/v2\/comments?post=1403"}],"wp:featuredmedia":[{"embeddable":true,"href":"https:\/\/spliteletro.com.br\/pt\/wp-json\/wp\/v2\/media\/1404"}],"wp:attachment":[{"href":"https:\/\/spliteletro.com.br\/pt\/wp-json\/wp\/v2\/media?parent=1403"}],"wp:term":[{"taxonomy":"product_brand","embeddable":true,"href":"https:\/\/spliteletro.com.br\/pt\/wp-json\/wp\/v2\/product_brand?post=1403"},{"taxonomy":"product_cat","embeddable":true,"href":"https:\/\/spliteletro.com.br\/pt\/wp-json\/wp\/v2\/product_cat?post=1403"},{"taxonomy":"product_tag","embeddable":true,"href":"https:\/\/spliteletro.com.br\/pt\/wp-json\/wp\/v2\/product_tag?post=1403"}],"curies":[{"name":"wp","href":"https:\/\/api.w.org\/{rel}","templated":true}]}}