{"id":1438,"date":"2025-01-09T19:17:36","date_gmt":"2025-01-09T19:17:36","guid":{"rendered":"https:\/\/spliteletro.com.br\/?post_type=product&#038;p=1438"},"modified":"2026-02-19T14:37:36","modified_gmt":"2026-02-19T17:37:36","slug":"placa-condensadora-e-placa-controle-embutida-lg-ebr82586407","status":"publish","type":"product","link":"https:\/\/spliteletro.com.br\/pt\/produto\/placa-condensadora-e-placa-controle-embutida-lg-ebr82586407\/","title":{"rendered":"Placa Condensadora e Placa Controle embutida &#8211; EBR82586407"},"content":{"rendered":"<p>C\u00f3digo Placa: EBR82586407<\/p>\n<p>C\u00f3digo Controle: EBR7462 5813<\/p>\n<p>Modelos: A2UW16GFA2, A2UW18GFA2<\/p>\n<p>Modelos Aplic\u00e1veis:<\/p>\n<ul>\n<li>A2UW16GFA2.AWGBLAT<\/li>\n<li>A2UW18GFA2.AWGZBRZ<\/li>\n<\/ul>","protected":false},"excerpt":{"rendered":"<p>C\u00f3digo Placa: EBR82586407 C\u00f3digo Controle: EBR7462 5813 Modelos: A2UW16GFA2, A2UW18GFA2 Modelos Aplic\u00e1veis: A2UW16GFA2.AWGBLAT A2UW18GFA2.AWGZBRZ<\/p>","protected":false},"featured_media":1439,"comment_status":"open","ping_status":"closed","template":"","meta":{"_joinchat":[]},"product_brand":[],"product_cat":[39],"product_tag":[],"class_list":{"0":"post-1438","1":"product","2":"type-product","3":"status-publish","4":"has-post-thumbnail","6":"product_cat-condensadora","7":"product_shipping_class-super-frete","9":"first","10":"instock","11":"shipping-taxable","12":"purchasable","13":"product-type-simple"},"_links":{"self":[{"href":"https:\/\/spliteletro.com.br\/pt\/wp-json\/wp\/v2\/product\/1438","targetHints":{"allow":["GET"]}}],"collection":[{"href":"https:\/\/spliteletro.com.br\/pt\/wp-json\/wp\/v2\/product"}],"about":[{"href":"https:\/\/spliteletro.com.br\/pt\/wp-json\/wp\/v2\/types\/product"}],"replies":[{"embeddable":true,"href":"https:\/\/spliteletro.com.br\/pt\/wp-json\/wp\/v2\/comments?post=1438"}],"wp:featuredmedia":[{"embeddable":true,"href":"https:\/\/spliteletro.com.br\/pt\/wp-json\/wp\/v2\/media\/1439"}],"wp:attachment":[{"href":"https:\/\/spliteletro.com.br\/pt\/wp-json\/wp\/v2\/media?parent=1438"}],"wp:term":[{"taxonomy":"product_brand","embeddable":true,"href":"https:\/\/spliteletro.com.br\/pt\/wp-json\/wp\/v2\/product_brand?post=1438"},{"taxonomy":"product_cat","embeddable":true,"href":"https:\/\/spliteletro.com.br\/pt\/wp-json\/wp\/v2\/product_cat?post=1438"},{"taxonomy":"product_tag","embeddable":true,"href":"https:\/\/spliteletro.com.br\/pt\/wp-json\/wp\/v2\/product_tag?post=1438"}],"curies":[{"name":"wp","href":"https:\/\/api.w.org\/{rel}","templated":true}]}}