{"id":1465,"date":"2025-01-10T18:43:27","date_gmt":"2025-01-10T18:43:27","guid":{"rendered":"https:\/\/spliteletro.com.br\/?post_type=product&#038;p=1465"},"modified":"2026-02-02T16:51:21","modified_gmt":"2026-02-02T19:51:21","slug":"placa-condensadora-lg-ebr76570709","status":"publish","type":"product","link":"https:\/\/spliteletro.com.br\/pt\/produto\/placa-condensadora-lg-ebr76570709\/","title":{"rendered":"Placa Condensadora &#8211; EBR76570709 &#8211; USUQ242CSG3"},"content":{"rendered":"<p>C\u00f3digo: EBR76570709<\/p>\n<p>S\u00f3 Fria<\/p>\n<p>Modelo Aplic\u00e1vel:<\/p>\n<ul>\n<li>USUQ242CSG3.ANWGLAZ<\/li>\n<\/ul>\n<p>Placa usada retirada de maquina funcionando que foi desmontada.<\/p>\n<p>Garantia de 3 meses.<\/p>","protected":false},"excerpt":{"rendered":"<p>C\u00f3digo: EBR76570709 S\u00f3 Fria Modelo Aplic\u00e1vel: USUQ242CSG3.ANWGLAZ Placa usada retirada de maquina funcionando que foi desmontada. Garantia de 3 meses.<\/p>","protected":false},"featured_media":1466,"comment_status":"open","ping_status":"closed","template":"","meta":{"_joinchat":[]},"product_brand":[],"product_cat":[39],"product_tag":[],"class_list":{"0":"post-1465","1":"product","2":"type-product","3":"status-publish","4":"has-post-thumbnail","6":"product_cat-condensadora","7":"product_shipping_class-super-frete","9":"first","10":"instock","11":"shipping-taxable","12":"purchasable","13":"product-type-simple"},"_links":{"self":[{"href":"https:\/\/spliteletro.com.br\/pt\/wp-json\/wp\/v2\/product\/1465","targetHints":{"allow":["GET"]}}],"collection":[{"href":"https:\/\/spliteletro.com.br\/pt\/wp-json\/wp\/v2\/product"}],"about":[{"href":"https:\/\/spliteletro.com.br\/pt\/wp-json\/wp\/v2\/types\/product"}],"replies":[{"embeddable":true,"href":"https:\/\/spliteletro.com.br\/pt\/wp-json\/wp\/v2\/comments?post=1465"}],"wp:featuredmedia":[{"embeddable":true,"href":"https:\/\/spliteletro.com.br\/pt\/wp-json\/wp\/v2\/media\/1466"}],"wp:attachment":[{"href":"https:\/\/spliteletro.com.br\/pt\/wp-json\/wp\/v2\/media?parent=1465"}],"wp:term":[{"taxonomy":"product_brand","embeddable":true,"href":"https:\/\/spliteletro.com.br\/pt\/wp-json\/wp\/v2\/product_brand?post=1465"},{"taxonomy":"product_cat","embeddable":true,"href":"https:\/\/spliteletro.com.br\/pt\/wp-json\/wp\/v2\/product_cat?post=1465"},{"taxonomy":"product_tag","embeddable":true,"href":"https:\/\/spliteletro.com.br\/pt\/wp-json\/wp\/v2\/product_tag?post=1465"}],"curies":[{"name":"wp","href":"https:\/\/api.w.org\/{rel}","templated":true}]}}