{"id":1523,"date":"2025-01-29T18:06:34","date_gmt":"2025-01-29T18:06:34","guid":{"rendered":"https:\/\/spliteletro.com.br\/?post_type=product&#038;p=1523"},"modified":"2025-08-05T16:22:39","modified_gmt":"2025-08-05T19:22:39","slug":"placa-evaporadora-samsung-db26-00116a-2","status":"publish","type":"product","link":"https:\/\/spliteletro.com.br\/pt\/produto\/placa-evaporadora-samsung-db26-00116a-2\/","title":{"rendered":"Placa Evaporadora &#8211; Samsung &#8211; DB26-00116A"},"content":{"rendered":"<p>Marca: Samsung<\/p>\n<p>C\u00f3digo de Pe\u00e7a: DB26-00116A<\/p>\n<p>Modelo: BR06DB9203443N820AK8A0918<\/p>\n<p>Modelos de Ar Condicionado Samsung Compat\u00edveis:<\/p>\n<ul>\n<li>AR12KSSPBGM\/AZ<\/li>\n<li>AR12KSSPBGMNAZ<\/li>\n<li>AR12KSSPBGMXAZ<\/li>\n<li>AR12KVSPBGM\/AZ<\/li>\n<li>AR12KVSPBGMNAZ<\/li>\n<li>AR12KVSPBGMXAZ<\/li>\n<li>AR18JSSPSGM\/AZ<\/li>\n<li>AR18JSSPSGMNAZ<\/li>\n<li>AR18JSSPSGMXAZ<\/li>\n<li>AR18JVSPSGM\/AZ<\/li>\n<li>AR18JVSPSGMNAZ<\/li>\n<li>AR18JVSPSGMXAZ<\/li>\n<li>AR18KSSPSGM\/AZ<\/li>\n<li>AR18KSSPSGMNAZ<\/li>\n<li>AR18KSSPSGMXAZ<\/li>\n<li>AR18KVSPSGM\/AZ<\/li>\n<li>AR18KVSPSGMNAZ<\/li>\n<li>AR18KVSPSGMXAZ<\/li>\n<\/ul>\n<p>C\u00f3digos Compat\u00edveis:<\/p>\n<ul>\n<li>DB41-01292A<\/li>\n<li>DB92-03443G<\/li>\n<\/ul>","protected":false},"excerpt":{"rendered":"<p>Marca: Samsung C\u00f3digo de Pe\u00e7a: DB26-00116A Modelo: BR06DB9203443N820AK8A0918 Modelos de Ar Condicionado Samsung Compat\u00edveis: AR12KSSPBGM\/AZ AR12KSSPBGMNAZ AR12KSSPBGMXAZ AR12KVSPBGM\/AZ AR12KVSPBGMNAZ AR12KVSPBGMXAZ AR18JSSPSGM\/AZ AR18JSSPSGMNAZ AR18JSSPSGMXAZ AR18JVSPSGM\/AZ AR18JVSPSGMNAZ AR18JVSPSGMXAZ AR18KSSPSGM\/AZ AR18KSSPSGMNAZ AR18KSSPSGMXAZ AR18KVSPSGM\/AZ AR18KVSPSGMNAZ AR18KVSPSGMXAZ C\u00f3digos Compat\u00edveis: DB41-01292A DB92-03443G<\/p>","protected":false},"featured_media":1520,"comment_status":"open","ping_status":"closed","template":"","meta":{"_joinchat":[]},"product_brand":[],"product_cat":[40,31],"product_tag":[],"class_list":{"0":"post-1523","1":"product","2":"type-product","3":"status-publish","4":"has-post-thumbnail","6":"product_cat-evaporadora","7":"product_cat-samsung","8":"product_shipping_class-super-frete","10":"first","11":"instock","12":"shipping-taxable","13":"purchasable","14":"product-type-simple"},"_links":{"self":[{"href":"https:\/\/spliteletro.com.br\/pt\/wp-json\/wp\/v2\/product\/1523","targetHints":{"allow":["GET"]}}],"collection":[{"href":"https:\/\/spliteletro.com.br\/pt\/wp-json\/wp\/v2\/product"}],"about":[{"href":"https:\/\/spliteletro.com.br\/pt\/wp-json\/wp\/v2\/types\/product"}],"replies":[{"embeddable":true,"href":"https:\/\/spliteletro.com.br\/pt\/wp-json\/wp\/v2\/comments?post=1523"}],"wp:featuredmedia":[{"embeddable":true,"href":"https:\/\/spliteletro.com.br\/pt\/wp-json\/wp\/v2\/media\/1520"}],"wp:attachment":[{"href":"https:\/\/spliteletro.com.br\/pt\/wp-json\/wp\/v2\/media?parent=1523"}],"wp:term":[{"taxonomy":"product_brand","embeddable":true,"href":"https:\/\/spliteletro.com.br\/pt\/wp-json\/wp\/v2\/product_brand?post=1523"},{"taxonomy":"product_cat","embeddable":true,"href":"https:\/\/spliteletro.com.br\/pt\/wp-json\/wp\/v2\/product_cat?post=1523"},{"taxonomy":"product_tag","embeddable":true,"href":"https:\/\/spliteletro.com.br\/pt\/wp-json\/wp\/v2\/product_tag?post=1523"}],"curies":[{"name":"wp","href":"https:\/\/api.w.org\/{rel}","templated":true}]}}