{"id":1571,"date":"2025-04-10T18:50:39","date_gmt":"2025-04-10T18:50:39","guid":{"rendered":"https:\/\/spliteletro.com.br\/?post_type=product&#038;p=1571"},"modified":"2025-08-05T16:21:51","modified_gmt":"2025-08-05T19:21:51","slug":"placa-condensadora-fujitsu-9707656053","status":"publish","type":"product","link":"https:\/\/spliteletro.com.br\/pt\/produto\/placa-condensadora-fujitsu-9707656053\/","title":{"rendered":"Placa Condensadora- Fujitsu &#8211; 9707656053"},"content":{"rendered":"<p>Marca: Fujitsu<\/p>\n<p>C\u00f3digo: 9707656053<\/p>\n<p><strong>30k\u00a0<\/strong>BTUs<\/p>\n<p>S\u00f3 Fria<\/p>\n<p>Modelo: K07BS-C-A (05-02)<\/p>\n<p>Tens\u00e3o: 250V<\/p>\n<p>Corrente: 3.15A<\/p>\n<p>Outros componentes: Inclui conectores, capacitores, resistores e outros componentes eletr\u00f4nicos.<\/p>","protected":false},"excerpt":{"rendered":"<p>Marca: Fujitsu C\u00f3digo: 9707656053 30k\u00a0BTUs S\u00f3 Fria Modelo: K07BS-C-A (05-02) Tens\u00e3o: 250V Corrente: 3.15A Outros componentes: Inclui conectores, capacitores, resistores e outros componentes eletr\u00f4nicos.<\/p>","protected":false},"featured_media":1573,"comment_status":"open","ping_status":"closed","template":"","meta":{"_joinchat":[]},"product_brand":[],"product_cat":[39,57],"product_tag":[],"class_list":{"0":"post-1571","1":"product","2":"type-product","3":"status-publish","4":"has-post-thumbnail","6":"product_cat-condensadora","7":"product_cat-fujistu","8":"product_shipping_class-super-frete","10":"first","11":"instock","12":"sale","13":"shipping-taxable","14":"purchasable","15":"product-type-simple"},"_links":{"self":[{"href":"https:\/\/spliteletro.com.br\/pt\/wp-json\/wp\/v2\/product\/1571","targetHints":{"allow":["GET"]}}],"collection":[{"href":"https:\/\/spliteletro.com.br\/pt\/wp-json\/wp\/v2\/product"}],"about":[{"href":"https:\/\/spliteletro.com.br\/pt\/wp-json\/wp\/v2\/types\/product"}],"replies":[{"embeddable":true,"href":"https:\/\/spliteletro.com.br\/pt\/wp-json\/wp\/v2\/comments?post=1571"}],"wp:featuredmedia":[{"embeddable":true,"href":"https:\/\/spliteletro.com.br\/pt\/wp-json\/wp\/v2\/media\/1573"}],"wp:attachment":[{"href":"https:\/\/spliteletro.com.br\/pt\/wp-json\/wp\/v2\/media?parent=1571"}],"wp:term":[{"taxonomy":"product_brand","embeddable":true,"href":"https:\/\/spliteletro.com.br\/pt\/wp-json\/wp\/v2\/product_brand?post=1571"},{"taxonomy":"product_cat","embeddable":true,"href":"https:\/\/spliteletro.com.br\/pt\/wp-json\/wp\/v2\/product_cat?post=1571"},{"taxonomy":"product_tag","embeddable":true,"href":"https:\/\/spliteletro.com.br\/pt\/wp-json\/wp\/v2\/product_tag?post=1571"}],"curies":[{"name":"wp","href":"https:\/\/api.w.org\/{rel}","templated":true}]}}