{"id":1583,"date":"2025-04-10T19:11:02","date_gmt":"2025-04-10T19:11:02","guid":{"rendered":"https:\/\/spliteletro.com.br\/?post_type=product&#038;p=1583"},"modified":"2025-08-05T16:21:51","modified_gmt":"2025-08-05T19:21:51","slug":"placa-eletronica-actpm-fujitsu-2310755633","status":"publish","type":"product","link":"https:\/\/spliteletro.com.br\/pt\/produto\/placa-eletronica-actpm-fujitsu-2310755633\/","title":{"rendered":"Placa Eletr\u00f4nica ACTPM &#8211; Fujitsu &#8211; 2310755633"},"content":{"rendered":"<p>Marca: Fujitsu<\/p>\n<p>C\u00f3digo: 2310755633<\/p>\n<p>Modelo: PM-601BSG<\/p>\n<p>N\u00ba de pe\u00e7a: 9707592016<\/p>\n<p>Inscri\u00e7\u00f5es: 1309528042<\/p>\n<p>Componentes: Inclui resistores, capacitores, um microcontrolador, e outros componentes eletr\u00f4nicos.<\/p>","protected":false},"excerpt":{"rendered":"<p>Marca: Fujitsu C\u00f3digo: 2310755633 Modelo: PM-601BSG N\u00ba de pe\u00e7a: 9707592016 Inscri\u00e7\u00f5es: 1309528042 Componentes: Inclui resistores, capacitores, um microcontrolador, e outros componentes eletr\u00f4nicos.<\/p>","protected":false},"featured_media":1586,"comment_status":"open","ping_status":"closed","template":"","meta":{"_joinchat":[]},"product_brand":[],"product_cat":[57,55],"product_tag":[],"class_list":{"0":"post-1583","1":"product","2":"type-product","3":"status-publish","4":"has-post-thumbnail","6":"product_cat-fujistu","7":"product_cat-placa-controladora","8":"product_shipping_class-super-frete","10":"first","11":"instock","12":"sale","13":"shipping-taxable","14":"purchasable","15":"product-type-simple"},"_links":{"self":[{"href":"https:\/\/spliteletro.com.br\/pt\/wp-json\/wp\/v2\/product\/1583","targetHints":{"allow":["GET"]}}],"collection":[{"href":"https:\/\/spliteletro.com.br\/pt\/wp-json\/wp\/v2\/product"}],"about":[{"href":"https:\/\/spliteletro.com.br\/pt\/wp-json\/wp\/v2\/types\/product"}],"replies":[{"embeddable":true,"href":"https:\/\/spliteletro.com.br\/pt\/wp-json\/wp\/v2\/comments?post=1583"}],"wp:featuredmedia":[{"embeddable":true,"href":"https:\/\/spliteletro.com.br\/pt\/wp-json\/wp\/v2\/media\/1586"}],"wp:attachment":[{"href":"https:\/\/spliteletro.com.br\/pt\/wp-json\/wp\/v2\/media?parent=1583"}],"wp:term":[{"taxonomy":"product_brand","embeddable":true,"href":"https:\/\/spliteletro.com.br\/pt\/wp-json\/wp\/v2\/product_brand?post=1583"},{"taxonomy":"product_cat","embeddable":true,"href":"https:\/\/spliteletro.com.br\/pt\/wp-json\/wp\/v2\/product_cat?post=1583"},{"taxonomy":"product_tag","embeddable":true,"href":"https:\/\/spliteletro.com.br\/pt\/wp-json\/wp\/v2\/product_tag?post=1583"}],"curies":[{"name":"wp","href":"https:\/\/api.w.org\/{rel}","templated":true}]}}