{"id":1587,"date":"2025-04-11T18:42:26","date_gmt":"2025-04-11T18:42:26","guid":{"rendered":"https:\/\/spliteletro.com.br\/?post_type=product&#038;p=1587"},"modified":"2025-08-05T16:21:51","modified_gmt":"2025-08-05T19:21:51","slug":"placa-de-controle-evaporadora-fujitsu-9707648027","status":"publish","type":"product","link":"https:\/\/spliteletro.com.br\/pt\/produto\/placa-de-controle-evaporadora-fujitsu-9707648027\/","title":{"rendered":"Placa de Controle Evaporadora &#8211; Fujitsu &#8211; 9707648027"},"content":{"rendered":"<p>Marca: Fujitsu<\/p>\n<p>C\u00f3digo: 9707648027<\/p>\n<p><strong>9\/12k\u00a0<\/strong>BTUs<\/p>\n<p>Modelo: K07AN-C-A (02-01) ou K07AN-080DWSE-C1<\/p>\n<p>Outras informa\u00e7\u00f5es: Possui diversos componentes eletr\u00f4nicos, como resistores, capacitores e conectores.<\/p>","protected":false},"excerpt":{"rendered":"<p>Marca: Fujitsu C\u00f3digo: 9707648027 9\/12k\u00a0BTUs Modelo: K07AN-C-A (02-01) ou K07AN-080DWSE-C1 Outras informa\u00e7\u00f5es: Possui diversos componentes eletr\u00f4nicos, como resistores, capacitores e conectores.<\/p>","protected":false},"featured_media":1589,"comment_status":"open","ping_status":"closed","template":"","meta":{"_joinchat":[]},"product_brand":[],"product_cat":[40,57,55],"product_tag":[],"class_list":{"0":"post-1587","1":"product","2":"type-product","3":"status-publish","4":"has-post-thumbnail","6":"product_cat-evaporadora","7":"product_cat-fujistu","8":"product_cat-placa-controladora","9":"product_shipping_class-super-frete","11":"first","12":"instock","13":"sale","14":"shipping-taxable","15":"purchasable","16":"product-type-simple"},"_links":{"self":[{"href":"https:\/\/spliteletro.com.br\/pt\/wp-json\/wp\/v2\/product\/1587","targetHints":{"allow":["GET"]}}],"collection":[{"href":"https:\/\/spliteletro.com.br\/pt\/wp-json\/wp\/v2\/product"}],"about":[{"href":"https:\/\/spliteletro.com.br\/pt\/wp-json\/wp\/v2\/types\/product"}],"replies":[{"embeddable":true,"href":"https:\/\/spliteletro.com.br\/pt\/wp-json\/wp\/v2\/comments?post=1587"}],"wp:featuredmedia":[{"embeddable":true,"href":"https:\/\/spliteletro.com.br\/pt\/wp-json\/wp\/v2\/media\/1589"}],"wp:attachment":[{"href":"https:\/\/spliteletro.com.br\/pt\/wp-json\/wp\/v2\/media?parent=1587"}],"wp:term":[{"taxonomy":"product_brand","embeddable":true,"href":"https:\/\/spliteletro.com.br\/pt\/wp-json\/wp\/v2\/product_brand?post=1587"},{"taxonomy":"product_cat","embeddable":true,"href":"https:\/\/spliteletro.com.br\/pt\/wp-json\/wp\/v2\/product_cat?post=1587"},{"taxonomy":"product_tag","embeddable":true,"href":"https:\/\/spliteletro.com.br\/pt\/wp-json\/wp\/v2\/product_tag?post=1587"}],"curies":[{"name":"wp","href":"https:\/\/api.w.org\/{rel}","templated":true}]}}