{"id":1596,"date":"2025-04-15T17:16:06","date_gmt":"2025-04-15T17:16:06","guid":{"rendered":"https:\/\/spliteletro.com.br\/?post_type=product&#038;p=1596"},"modified":"2025-08-05T16:21:51","modified_gmt":"2025-08-05T19:21:51","slug":"placa-eletronica-evaporadora-fujitsu-9707025019","status":"publish","type":"product","link":"https:\/\/spliteletro.com.br\/pt\/produto\/placa-eletronica-evaporadora-fujitsu-9707025019\/","title":{"rendered":"Placa Eletr\u00f4nica Evaporadora &#8211; Fujitsu &#8211; 9707025019"},"content":{"rendered":"<p>Marca: Fujitsu<\/p>\n<p>C\u00f3digo: 9707025019<\/p>\n<p>S\u00f3 Frio<\/p>\n<p>Modelos Dispon\u00edveis:<\/p>\n<ul>\n<li>K08CX-C-A (02-01) 0900HSE-C1 (<span style=\"color: #ff0000;\"><strong>1 und.<\/strong><\/span>)<\/li>\n<li>K05CX-C-A (07-01) 0702WSE-C1 (<strong><span style=\"color: #ff0000;\">1 und.<\/span><\/strong>)<\/li>\n<li>K08CX-C-A (02-01) 1000HSE-C1 (<strong><span style=\"color: #ff0000;\">1 und.<\/span><\/strong>)<\/li>\n<\/ul>\n<h3>CASO QUEIRA UM MODELO ESPECIFICO, POR FAVOR <span style=\"color: #ff0000;\"><strong>ENTRAR EM CONTATO<\/strong><\/span> OU INFORMAR NA <span style=\"color: #ff0000;\"><strong>DESCRI\u00c7\u00c3O FINAL<\/strong><\/span> ANTES DE FINALIZAR O PEDIDO. <strong><span style=\"color: #ff0000;\">SE N\u00c3O FOR ESPECIFICADO SER\u00c1 ENVIADO UM MODELO ALEAT\u00d3RIAMENTE.<\/span><\/strong><\/h3>","protected":false},"excerpt":{"rendered":"<p>Marca: Fujitsu C\u00f3digo: 9707025019 S\u00f3 Frio Modelos Dispon\u00edveis: K08CX-C-A (02-01) 0900HSE-C1 (1 und.) K05CX-C-A (07-01) 0702WSE-C1 (1 und.) K08CX-C-A (02-01) 1000HSE-C1 (1 und.) CASO QUEIRA UM MODELO ESPECIFICO, POR FAVOR ENTRAR EM CONTATO OU INFORMAR NA DESCRI\u00c7\u00c3O FINAL ANTES DE FINALIZAR O PEDIDO. SE N\u00c3O FOR ESPECIFICADO SER\u00c1 ENVIADO UM MODELO ALEAT\u00d3RIAMENTE.<\/p>","protected":false},"featured_media":1598,"comment_status":"open","ping_status":"closed","template":"","meta":{"_joinchat":[]},"product_brand":[],"product_cat":[40,57],"product_tag":[],"class_list":{"0":"post-1596","1":"product","2":"type-product","3":"status-publish","4":"has-post-thumbnail","6":"product_cat-evaporadora","7":"product_cat-fujistu","8":"product_shipping_class-super-frete","10":"first","11":"instock","12":"sale","13":"shipping-taxable","14":"purchasable","15":"product-type-simple"},"_links":{"self":[{"href":"https:\/\/spliteletro.com.br\/pt\/wp-json\/wp\/v2\/product\/1596","targetHints":{"allow":["GET"]}}],"collection":[{"href":"https:\/\/spliteletro.com.br\/pt\/wp-json\/wp\/v2\/product"}],"about":[{"href":"https:\/\/spliteletro.com.br\/pt\/wp-json\/wp\/v2\/types\/product"}],"replies":[{"embeddable":true,"href":"https:\/\/spliteletro.com.br\/pt\/wp-json\/wp\/v2\/comments?post=1596"}],"wp:featuredmedia":[{"embeddable":true,"href":"https:\/\/spliteletro.com.br\/pt\/wp-json\/wp\/v2\/media\/1598"}],"wp:attachment":[{"href":"https:\/\/spliteletro.com.br\/pt\/wp-json\/wp\/v2\/media?parent=1596"}],"wp:term":[{"taxonomy":"product_brand","embeddable":true,"href":"https:\/\/spliteletro.com.br\/pt\/wp-json\/wp\/v2\/product_brand?post=1596"},{"taxonomy":"product_cat","embeddable":true,"href":"https:\/\/spliteletro.com.br\/pt\/wp-json\/wp\/v2\/product_cat?post=1596"},{"taxonomy":"product_tag","embeddable":true,"href":"https:\/\/spliteletro.com.br\/pt\/wp-json\/wp\/v2\/product_tag?post=1596"}],"curies":[{"name":"wp","href":"https:\/\/api.w.org\/{rel}","templated":true}]}}