{"id":1600,"date":"2025-04-15T17:38:37","date_gmt":"2025-04-15T17:38:37","guid":{"rendered":"https:\/\/spliteletro.com.br\/?post_type=product&#038;p=1600"},"modified":"2025-08-05T16:21:51","modified_gmt":"2025-08-05T19:21:51","slug":"placa-controle-evaporadora-fujitsu-9707025019","status":"publish","type":"product","link":"https:\/\/spliteletro.com.br\/pt\/produto\/placa-controle-evaporadora-fujitsu-9707025019\/","title":{"rendered":"Placa Controle Evaporadora &#8211; Fujitsu &#8211; 9707025019"},"content":{"rendered":"<p>Marca: Fujitsu<\/p>\n<p>C\u00f3digo: 9707025019<\/p>\n<p>Quente &#8211; Frio<\/p>\n<p>Modelos Dispon\u00edveis:<\/p>\n<ul>\n<li>K05CX-C-A (07-01) 0710HSE-C1 (<span style=\"color: #ff0000;\"><strong>2 und.<\/strong><\/span>)<\/li>\n<li>K09DR-C-A (01-03) 1605WSE-C1 (<span style=\"color: #ff0000;\"><strong>1 und.<\/strong><\/span>)<\/li>\n<\/ul>\n<p>Compat\u00edvel com os modelos:<\/p>\n<ul>\n<li>ASBA18LEC<\/li>\n<\/ul>\n<h3>CASO QUEIRA UM MODELO ESPECIFICO, POR FAVOR\u00a0<strong><span style=\"color: #ff0000;\">ENTRAR EM CONTATO<\/span><\/strong>\u00a0OU INFORMAR NA\u00a0<span style=\"color: #ff0000;\"><strong>DESCRI\u00c7\u00c3O FINAL<\/strong><\/span>\u00a0ANTES DE FINALIZAR O PEDIDO.\u00a0<span style=\"color: #ff0000;\"><strong>SE N\u00c3O FOR ESPECIFICADO SER\u00c1 ENVIADO UM MODELO ALEAT\u00d3RIAMENTE.<\/strong><\/span><\/h3>","protected":false},"excerpt":{"rendered":"<p>Marca: Fujitsu C\u00f3digo: 9707025019 Quente &#8211; Frio Modelos Dispon\u00edveis: K05CX-C-A (07-01) 0710HSE-C1 (2 und.) K09DR-C-A (01-03) 1605WSE-C1 (1 und.) Compat\u00edvel com os modelos: ASBA18LEC CASO QUEIRA UM MODELO ESPECIFICO, POR FAVOR\u00a0ENTRAR EM CONTATO\u00a0OU INFORMAR NA\u00a0DESCRI\u00c7\u00c3O FINAL\u00a0ANTES DE FINALIZAR O PEDIDO.\u00a0SE N\u00c3O FOR ESPECIFICADO SER\u00c1 ENVIADO UM MODELO ALEAT\u00d3RIAMENTE.<\/p>","protected":false},"featured_media":1602,"comment_status":"open","ping_status":"closed","template":"","meta":{"_joinchat":[]},"product_brand":[],"product_cat":[40,57],"product_tag":[],"class_list":{"0":"post-1600","1":"product","2":"type-product","3":"status-publish","4":"has-post-thumbnail","6":"product_cat-evaporadora","7":"product_cat-fujistu","8":"product_shipping_class-super-frete","10":"first","11":"instock","12":"sale","13":"shipping-taxable","14":"purchasable","15":"product-type-simple"},"_links":{"self":[{"href":"https:\/\/spliteletro.com.br\/pt\/wp-json\/wp\/v2\/product\/1600","targetHints":{"allow":["GET"]}}],"collection":[{"href":"https:\/\/spliteletro.com.br\/pt\/wp-json\/wp\/v2\/product"}],"about":[{"href":"https:\/\/spliteletro.com.br\/pt\/wp-json\/wp\/v2\/types\/product"}],"replies":[{"embeddable":true,"href":"https:\/\/spliteletro.com.br\/pt\/wp-json\/wp\/v2\/comments?post=1600"}],"wp:featuredmedia":[{"embeddable":true,"href":"https:\/\/spliteletro.com.br\/pt\/wp-json\/wp\/v2\/media\/1602"}],"wp:attachment":[{"href":"https:\/\/spliteletro.com.br\/pt\/wp-json\/wp\/v2\/media?parent=1600"}],"wp:term":[{"taxonomy":"product_brand","embeddable":true,"href":"https:\/\/spliteletro.com.br\/pt\/wp-json\/wp\/v2\/product_brand?post=1600"},{"taxonomy":"product_cat","embeddable":true,"href":"https:\/\/spliteletro.com.br\/pt\/wp-json\/wp\/v2\/product_cat?post=1600"},{"taxonomy":"product_tag","embeddable":true,"href":"https:\/\/spliteletro.com.br\/pt\/wp-json\/wp\/v2\/product_tag?post=1600"}],"curies":[{"name":"wp","href":"https:\/\/api.w.org\/{rel}","templated":true}]}}