{"id":1905,"date":"2025-09-11T14:14:22","date_gmt":"2025-09-11T17:14:22","guid":{"rendered":"https:\/\/spliteletro.com.br\/?post_type=product&#038;p=1905"},"modified":"2025-09-11T14:14:23","modified_gmt":"2025-09-11T17:14:23","slug":"display-evaporadora-agratto-31102-000101","status":"publish","type":"product","link":"https:\/\/spliteletro.com.br\/pt\/produto\/display-evaporadora-agratto-31102-000101\/","title":{"rendered":"Display Evaporadora &#8211; Agratto &#8211; 31102-000101"},"content":{"rendered":"<p>Marca: Agratto<\/p>\n<p>C\u00f3digo: 31102-000101<\/p>\n<p>Modelos Compat\u00edveis com Agratto:<\/p>\n<ul>\n<li>ECO ECS 09\/12\/18\/22<\/li>\n<\/ul>\n<p>Modelos Compat\u00edveis com Elgin:<\/p>\n<ul>\n<li>Hafi09b2fa<\/li>\n<li>Hafi12b2fa<\/li>\n<li>Hafi18b2fa<\/li>\n<li>Hafi24b2fa<\/li>\n<li>Haqi09b2fa<\/li>\n<li>Haqi12b2fa<\/li>\n<li>Haqi18b2fa<\/li>\n<li>Haqi24b2fa<\/li>\n<li>Htfi09b2fa<\/li>\n<li>Htfi12b2fa<\/li>\n<li>Htfi18b2fa<\/li>\n<li>Htfi24b2fa<\/li>\n<li>Htqi09b2fa<\/li>\n<li>Htqi12b2fa<\/li>\n<li>Htqi18b2fa<\/li>\n<\/ul>\n<p>Modelos Compat\u00edveis com TCL:<\/p>\n<ul>\n<li>TAC09CSA1<\/li>\n<li>TAC12CSA1<\/li>\n<li>TAC18CSA1<\/li>\n<li>TAC24CSA1<\/li>\n<\/ul>\n<p>Modelos Compat\u00edveis com Komeko:<\/p>\n<ul>\n<li>KAC09CHSA1<\/li>\n<li>KAC12CHSA1<\/li>\n<li>KAC18CHSA1<\/li>\n<li>KAC24CHSA1<\/li>\n<\/ul>\n<p>Modelos Compat\u00edveis com Philco:<\/p>\n<ul>\n<li>PAC9000IFM8<\/li>\n<li>PAC9000IQFM8<\/li>\n<li>PAC12000IFM8<\/li>\n<li>PAC12000IQFM8<\/li>\n<li>PAC18000IFM8<\/li>\n<li>PAC18000IQFM8<\/li>\n<li>PAC24000IFM8<\/li>\n<li>PAC24000IQFM8<\/li>\n<\/ul>","protected":false},"excerpt":{"rendered":"<p>Marca: Agratto C\u00f3digo: 31102-000101 Modelos Compat\u00edveis com Agratto: ECO ECS 09\/12\/18\/22 Modelos Compat\u00edveis com Elgin: Hafi09b2fa Hafi12b2fa Hafi18b2fa Hafi24b2fa Haqi09b2fa Haqi12b2fa Haqi18b2fa Haqi24b2fa Htfi09b2fa Htfi12b2fa Htfi18b2fa Htfi24b2fa Htqi09b2fa Htqi12b2fa Htqi18b2fa Modelos Compat\u00edveis com TCL: TAC09CSA1 TAC12CSA1 TAC18CSA1 TAC24CSA1 Modelos Compat\u00edveis com Komeko: KAC09CHSA1 KAC12CHSA1 KAC18CHSA1 KAC24CHSA1 Modelos Compat\u00edveis com Philco: PAC9000IFM8 PAC9000IQFM8 PAC12000IFM8 PAC12000IQFM8 PAC18000IFM8 [&hellip;]<\/p>","protected":false},"featured_media":1907,"comment_status":"open","ping_status":"closed","template":"","meta":{"_joinchat":[]},"product_brand":[],"product_cat":[58,44],"product_tag":[],"class_list":{"0":"post-1905","1":"product","2":"type-product","3":"status-publish","4":"has-post-thumbnail","6":"product_cat-agratto","7":"product_cat-display","8":"product_shipping_class-super-frete","10":"first","11":"instock","12":"sale","13":"shipping-taxable","14":"purchasable","15":"product-type-simple"},"_links":{"self":[{"href":"https:\/\/spliteletro.com.br\/pt\/wp-json\/wp\/v2\/product\/1905","targetHints":{"allow":["GET"]}}],"collection":[{"href":"https:\/\/spliteletro.com.br\/pt\/wp-json\/wp\/v2\/product"}],"about":[{"href":"https:\/\/spliteletro.com.br\/pt\/wp-json\/wp\/v2\/types\/product"}],"replies":[{"embeddable":true,"href":"https:\/\/spliteletro.com.br\/pt\/wp-json\/wp\/v2\/comments?post=1905"}],"wp:featuredmedia":[{"embeddable":true,"href":"https:\/\/spliteletro.com.br\/pt\/wp-json\/wp\/v2\/media\/1907"}],"wp:attachment":[{"href":"https:\/\/spliteletro.com.br\/pt\/wp-json\/wp\/v2\/media?parent=1905"}],"wp:term":[{"taxonomy":"product_brand","embeddable":true,"href":"https:\/\/spliteletro.com.br\/pt\/wp-json\/wp\/v2\/product_brand?post=1905"},{"taxonomy":"product_cat","embeddable":true,"href":"https:\/\/spliteletro.com.br\/pt\/wp-json\/wp\/v2\/product_cat?post=1905"},{"taxonomy":"product_tag","embeddable":true,"href":"https:\/\/spliteletro.com.br\/pt\/wp-json\/wp\/v2\/product_tag?post=1905"}],"curies":[{"name":"wp","href":"https:\/\/api.w.org\/{rel}","templated":true}]}}