{"id":1976,"date":"2025-10-22T15:44:45","date_gmt":"2025-10-22T18:44:45","guid":{"rendered":"https:\/\/spliteletro.com.br\/?post_type=product&#038;p=1976"},"modified":"2026-02-15T17:35:54","modified_gmt":"2026-02-15T20:35:54","slug":"motor-ventilador-consul-ra18c","status":"publish","type":"product","link":"https:\/\/spliteletro.com.br\/pt\/produto\/motor-ventilador-consul-ra18c\/","title":{"rendered":"Motor Ventilador &#8211; Consul &#8211; RA18C"},"content":{"rendered":"<p>Marca: Consul<\/p>\n<p>C\u00f3digo: RA18C<\/p>\n<p>14W \/ 12W<\/p>\n<p>Caracter\u00edsticas:<\/p>\n<ul>\n<li>MOTOR DE VENTILADOR RA18C PARA AR CONDICIONADO<\/li>\n<li>FONTE DE ALIMENTA\u00c7\u00c3O 208 &#8211; 242 VAC 50\/60HZ<\/li>\n<li>COMPRIMENTO DO EIXO 3,5cm<\/li>\n<li>GIRO \u00c0 DIREITA, 0,28A<\/li>\n<li>4P, CL.E<\/li>\n<\/ul>","protected":false},"excerpt":{"rendered":"<p>Marca: Consul C\u00f3digo: RA18C 14W \/ 12W Caracter\u00edsticas: MOTOR DE VENTILADOR RA18C PARA AR CONDICIONADO FONTE DE ALIMENTA\u00c7\u00c3O 208 &#8211; 242 VAC 50\/60HZ COMPRIMENTO DO EIXO 3,5cm GIRO \u00c0 DIREITA, 0,28A 4P, CL.E<\/p>","protected":false},"featured_media":1977,"comment_status":"open","ping_status":"closed","template":"","meta":{"_joinchat":[]},"product_brand":[],"product_cat":[45,41],"product_tag":[],"class_list":{"0":"post-1976","1":"product","2":"type-product","3":"status-publish","4":"has-post-thumbnail","6":"product_cat-consul","7":"product_cat-motores","8":"product_shipping_class-super-frete","10":"first","11":"instock","12":"shipping-taxable","13":"purchasable","14":"product-type-simple"},"_links":{"self":[{"href":"https:\/\/spliteletro.com.br\/pt\/wp-json\/wp\/v2\/product\/1976","targetHints":{"allow":["GET"]}}],"collection":[{"href":"https:\/\/spliteletro.com.br\/pt\/wp-json\/wp\/v2\/product"}],"about":[{"href":"https:\/\/spliteletro.com.br\/pt\/wp-json\/wp\/v2\/types\/product"}],"replies":[{"embeddable":true,"href":"https:\/\/spliteletro.com.br\/pt\/wp-json\/wp\/v2\/comments?post=1976"}],"wp:featuredmedia":[{"embeddable":true,"href":"https:\/\/spliteletro.com.br\/pt\/wp-json\/wp\/v2\/media\/1977"}],"wp:attachment":[{"href":"https:\/\/spliteletro.com.br\/pt\/wp-json\/wp\/v2\/media?parent=1976"}],"wp:term":[{"taxonomy":"product_brand","embeddable":true,"href":"https:\/\/spliteletro.com.br\/pt\/wp-json\/wp\/v2\/product_brand?post=1976"},{"taxonomy":"product_cat","embeddable":true,"href":"https:\/\/spliteletro.com.br\/pt\/wp-json\/wp\/v2\/product_cat?post=1976"},{"taxonomy":"product_tag","embeddable":true,"href":"https:\/\/spliteletro.com.br\/pt\/wp-json\/wp\/v2\/product_tag?post=1976"}],"curies":[{"name":"wp","href":"https:\/\/api.w.org\/{rel}","templated":true}]}}