{"id":2018,"date":"2025-11-05T14:41:45","date_gmt":"2025-11-05T17:41:45","guid":{"rendered":"https:\/\/spliteletro.com.br\/?post_type=product&#038;p=2018"},"modified":"2025-11-05T14:41:45","modified_gmt":"2025-11-05T17:41:45","slug":"placa-condensadora-samsung-06db92-0303b","status":"publish","type":"product","link":"https:\/\/spliteletro.com.br\/pt\/produto\/placa-condensadora-samsung-06db92-0303b\/","title":{"rendered":"Placa Condensadora &#8211; Samsung &#8211; 06DB92-0303B"},"content":{"rendered":"<p>Marca: Samsung<\/p>\n<p>C\u00f3digo: 06DB-920303<\/p>\n<p><strong>12k <\/strong>BTUs<\/p>\n<p>Modelo: MSS<\/p>\n<p>S\u00f3 Frio<\/p>\n<p>Modelos Compat\u00edveis:<\/p>\n<ul>\n<li>AR12KSSPBGMXAZ<\/li>\n<li>AR12KSSPBGMXAZ<\/li>\n<li>AR12KVSPBGMXAZ<\/li>\n<li>AR12KVSPBGMXAZ<\/li>\n<li>AR12MSSPBGMXAZ<\/li>\n<li>AR12MSSPBGMXAZ<\/li>\n<li>AR12MVSPBGMXAZ<\/li>\n<li>AR12MVSPBGMXAZ<\/li>\n<\/ul>","protected":false},"excerpt":{"rendered":"<p>Marca: Samsung C\u00f3digo: 06DB-920303 12k BTUs Modelo: MSS S\u00f3 Frio Modelos Compat\u00edveis: AR12KSSPBGMXAZ AR12KSSPBGMXAZ AR12KVSPBGMXAZ AR12KVSPBGMXAZ AR12MSSPBGMXAZ AR12MSSPBGMXAZ AR12MVSPBGMXAZ AR12MVSPBGMXAZ<\/p>","protected":false},"featured_media":2024,"comment_status":"open","ping_status":"closed","template":"","meta":{"_joinchat":[]},"product_brand":[],"product_cat":[39,36,31],"product_tag":[],"class_list":{"0":"post-2018","1":"product","2":"type-product","3":"status-publish","4":"has-post-thumbnail","6":"product_cat-condensadora","7":"product_cat-inverter","8":"product_cat-samsung","9":"product_shipping_class-super-frete","11":"first","12":"instock","13":"shipping-taxable","14":"purchasable","15":"product-type-simple"},"_links":{"self":[{"href":"https:\/\/spliteletro.com.br\/pt\/wp-json\/wp\/v2\/product\/2018","targetHints":{"allow":["GET"]}}],"collection":[{"href":"https:\/\/spliteletro.com.br\/pt\/wp-json\/wp\/v2\/product"}],"about":[{"href":"https:\/\/spliteletro.com.br\/pt\/wp-json\/wp\/v2\/types\/product"}],"replies":[{"embeddable":true,"href":"https:\/\/spliteletro.com.br\/pt\/wp-json\/wp\/v2\/comments?post=2018"}],"wp:featuredmedia":[{"embeddable":true,"href":"https:\/\/spliteletro.com.br\/pt\/wp-json\/wp\/v2\/media\/2024"}],"wp:attachment":[{"href":"https:\/\/spliteletro.com.br\/pt\/wp-json\/wp\/v2\/media?parent=2018"}],"wp:term":[{"taxonomy":"product_brand","embeddable":true,"href":"https:\/\/spliteletro.com.br\/pt\/wp-json\/wp\/v2\/product_brand?post=2018"},{"taxonomy":"product_cat","embeddable":true,"href":"https:\/\/spliteletro.com.br\/pt\/wp-json\/wp\/v2\/product_cat?post=2018"},{"taxonomy":"product_tag","embeddable":true,"href":"https:\/\/spliteletro.com.br\/pt\/wp-json\/wp\/v2\/product_tag?post=2018"}],"curies":[{"name":"wp","href":"https:\/\/api.w.org\/{rel}","templated":true}]}}