{"id":2082,"date":"2026-02-11T13:46:43","date_gmt":"2026-02-11T16:46:43","guid":{"rendered":"https:\/\/spliteletro.com.br\/?post_type=product&#038;p=2082"},"modified":"2026-02-11T13:51:18","modified_gmt":"2026-02-11T16:51:18","slug":"placa-evaporadora-philco-juk6-672-9000","status":"publish","type":"product","link":"https:\/\/spliteletro.com.br\/pt\/produto\/placa-evaporadora-philco-juk6-672-9000\/","title":{"rendered":"Placa Evaporadora &#8211; Philco &#8211; JUK6.672.9000"},"content":{"rendered":"<p>Marca: Philco<\/p>\n<p>C\u00f3digo: JUK6.672.9000<\/p>\n<p>C\u00f3digo do Fabricante: 795172<\/p>\n<p><strong>18k <\/strong>BTUs<\/p>\n<p>Modelos Aplic\u00e1veis:<\/p>\n<ul>\n<li>PAC18000IFM9W<\/li>\n<li>PAC18000ITFM9W<\/li>\n<li>BAC18000IFM9W<\/li>\n<li>PAC18000IQFM9W<\/li>\n<li>PH18000FM<\/li>\n<\/ul>","protected":false},"excerpt":{"rendered":"<p>Marca: Philco C\u00f3digo: JUK6.672.9000 C\u00f3digo do Fabricante: 795172 18k BTUs Modelos Aplic\u00e1veis: PAC18000IFM9W PAC18000ITFM9W BAC18000IFM9W PAC18000IQFM9W PH18000FM<\/p>","protected":false},"featured_media":2083,"comment_status":"open","ping_status":"closed","template":"","meta":{"_joinchat":[]},"product_brand":[],"product_cat":[40,49],"product_tag":[],"class_list":{"0":"post-2082","1":"product","2":"type-product","3":"status-publish","4":"has-post-thumbnail","6":"product_cat-evaporadora","7":"product_cat-philco","8":"product_shipping_class-super-frete","10":"first","11":"instock","12":"shipping-taxable","13":"purchasable","14":"product-type-simple"},"_links":{"self":[{"href":"https:\/\/spliteletro.com.br\/pt\/wp-json\/wp\/v2\/product\/2082","targetHints":{"allow":["GET"]}}],"collection":[{"href":"https:\/\/spliteletro.com.br\/pt\/wp-json\/wp\/v2\/product"}],"about":[{"href":"https:\/\/spliteletro.com.br\/pt\/wp-json\/wp\/v2\/types\/product"}],"replies":[{"embeddable":true,"href":"https:\/\/spliteletro.com.br\/pt\/wp-json\/wp\/v2\/comments?post=2082"}],"wp:featuredmedia":[{"embeddable":true,"href":"https:\/\/spliteletro.com.br\/pt\/wp-json\/wp\/v2\/media\/2083"}],"wp:attachment":[{"href":"https:\/\/spliteletro.com.br\/pt\/wp-json\/wp\/v2\/media?parent=2082"}],"wp:term":[{"taxonomy":"product_brand","embeddable":true,"href":"https:\/\/spliteletro.com.br\/pt\/wp-json\/wp\/v2\/product_brand?post=2082"},{"taxonomy":"product_cat","embeddable":true,"href":"https:\/\/spliteletro.com.br\/pt\/wp-json\/wp\/v2\/product_cat?post=2082"},{"taxonomy":"product_tag","embeddable":true,"href":"https:\/\/spliteletro.com.br\/pt\/wp-json\/wp\/v2\/product_tag?post=2082"}],"curies":[{"name":"wp","href":"https:\/\/api.w.org\/{rel}","templated":true}]}}