{"id":2130,"date":"2026-04-09T14:13:29","date_gmt":"2026-04-09T17:13:29","guid":{"rendered":"https:\/\/spliteletro.com.br\/?post_type=product&#038;p=2130"},"modified":"2026-04-09T14:13:30","modified_gmt":"2026-04-09T17:13:30","slug":"placa-condensadora-ebr44467101","status":"publish","type":"product","link":"https:\/\/spliteletro.com.br\/pt\/produto\/placa-condensadora-ebr44467101\/","title":{"rendered":"Placa Condensadora &#8211; EBR44467101"},"content":{"rendered":"<p>C\u00f3digo: EBR44467101<\/p>\n<p>Modelo: S3UW18KLQAL<\/p>\n<p>Sistema T\u00e9cnico: EAX64407822<\/p>\n<p><strong>18k<\/strong> BTUs<\/p>\n<p>Quente &#8211; Frio<\/p>\n<p>Modelos Compat\u00edveis:<\/p>\n<ul>\n<li>S3UW18KLQAL.EB2GAM1<\/li>\n<\/ul>","protected":false},"excerpt":{"rendered":"<p>C\u00f3digo: EBR44467101 Modelo: S3UW18KLQAL Sistema T\u00e9cnico: EAX64407822 18k BTUs Quente &#8211; Frio Modelos Compat\u00edveis: S3UW18KLQAL.EB2GAM1<\/p>","protected":false},"featured_media":2131,"comment_status":"open","ping_status":"closed","template":"","meta":{"_joinchat":[]},"product_brand":[],"product_cat":[39],"product_tag":[],"class_list":{"0":"post-2130","1":"product","2":"type-product","3":"status-publish","4":"has-post-thumbnail","6":"product_cat-condensadora","7":"product_shipping_class-super-frete","9":"first","10":"instock","11":"shipping-taxable","12":"purchasable","13":"product-type-simple"},"_links":{"self":[{"href":"https:\/\/spliteletro.com.br\/pt\/wp-json\/wp\/v2\/product\/2130","targetHints":{"allow":["GET"]}}],"collection":[{"href":"https:\/\/spliteletro.com.br\/pt\/wp-json\/wp\/v2\/product"}],"about":[{"href":"https:\/\/spliteletro.com.br\/pt\/wp-json\/wp\/v2\/types\/product"}],"replies":[{"embeddable":true,"href":"https:\/\/spliteletro.com.br\/pt\/wp-json\/wp\/v2\/comments?post=2130"}],"wp:featuredmedia":[{"embeddable":true,"href":"https:\/\/spliteletro.com.br\/pt\/wp-json\/wp\/v2\/media\/2131"}],"wp:attachment":[{"href":"https:\/\/spliteletro.com.br\/pt\/wp-json\/wp\/v2\/media?parent=2130"}],"wp:term":[{"taxonomy":"product_brand","embeddable":true,"href":"https:\/\/spliteletro.com.br\/pt\/wp-json\/wp\/v2\/product_brand?post=2130"},{"taxonomy":"product_cat","embeddable":true,"href":"https:\/\/spliteletro.com.br\/pt\/wp-json\/wp\/v2\/product_cat?post=2130"},{"taxonomy":"product_tag","embeddable":true,"href":"https:\/\/spliteletro.com.br\/pt\/wp-json\/wp\/v2\/product_tag?post=2130"}],"curies":[{"name":"wp","href":"https:\/\/api.w.org\/{rel}","templated":true}]}}