{"id":2162,"date":"2026-04-30T14:31:13","date_gmt":"2026-04-30T17:31:13","guid":{"rendered":"https:\/\/spliteletro.com.br\/?post_type=product&#038;p=2162"},"modified":"2026-04-30T14:31:13","modified_gmt":"2026-04-30T17:31:13","slug":"placa-condensadora-potencia-midea-201395500503","status":"publish","type":"product","link":"https:\/\/spliteletro.com.br\/pt\/produto\/placa-condensadora-potencia-midea-201395500503\/","title":{"rendered":"Placa Condensadora Pot\u00eancia &#8211; Midea &#8211; 201395500503"},"content":{"rendered":"<p>placa-m\u00e3e de pot\u00eancia para unidades condensadoras de sistemas de grande porte da linha VRF<\/p>\n<p>Marca: Midea<\/p>\n<p>C\u00f3digo: 201395500503<\/p>\n<p>Modelo: MDV-D280W<\/p>\n<p>SKU: 17122300003794 ou 17122300005413<\/p>\n<p>Quente e Frio<\/p>\n<p><strong>96k<\/strong> BTUs<\/p>\n<p>Modelos Compativeis:<\/p>\n<ul>\n<li>MDV-D280(10)W\/SN1-830<\/li>\n<li>MDV-D280W\/DSN1<\/li>\n<li>MDV-V280W\/DRN1<\/li>\n<li>38VMA096&#8212;3<\/li>\n<li>TVR096<\/li>\n<\/ul>","protected":false},"excerpt":{"rendered":"<p>placa-m\u00e3e de pot\u00eancia para unidades condensadoras de sistemas de grande porte da linha VRF Marca: Midea C\u00f3digo: 201395500503 Modelo: MDV-D280W SKU: 17122300003794 ou 17122300005413 Quente e Frio 96k BTUs Modelos Compativeis: MDV-D280(10)W\/SN1-830 MDV-D280W\/DSN1 MDV-V280W\/DRN1 38VMA096&#8212;3 TVR096<\/p>","protected":false},"featured_media":2165,"comment_status":"open","ping_status":"closed","template":"","meta":{"_joinchat":[]},"product_brand":[],"product_cat":[39,46],"product_tag":[],"class_list":{"0":"post-2162","1":"product","2":"type-product","3":"status-publish","4":"has-post-thumbnail","6":"product_cat-condensadora","7":"product_cat-midea","8":"product_shipping_class-super-frete","10":"first","11":"instock","12":"sale","13":"shipping-taxable","14":"purchasable","15":"product-type-simple"},"_links":{"self":[{"href":"https:\/\/spliteletro.com.br\/pt\/wp-json\/wp\/v2\/product\/2162","targetHints":{"allow":["GET"]}}],"collection":[{"href":"https:\/\/spliteletro.com.br\/pt\/wp-json\/wp\/v2\/product"}],"about":[{"href":"https:\/\/spliteletro.com.br\/pt\/wp-json\/wp\/v2\/types\/product"}],"replies":[{"embeddable":true,"href":"https:\/\/spliteletro.com.br\/pt\/wp-json\/wp\/v2\/comments?post=2162"}],"wp:featuredmedia":[{"embeddable":true,"href":"https:\/\/spliteletro.com.br\/pt\/wp-json\/wp\/v2\/media\/2165"}],"wp:attachment":[{"href":"https:\/\/spliteletro.com.br\/pt\/wp-json\/wp\/v2\/media?parent=2162"}],"wp:term":[{"taxonomy":"product_brand","embeddable":true,"href":"https:\/\/spliteletro.com.br\/pt\/wp-json\/wp\/v2\/product_brand?post=2162"},{"taxonomy":"product_cat","embeddable":true,"href":"https:\/\/spliteletro.com.br\/pt\/wp-json\/wp\/v2\/product_cat?post=2162"},{"taxonomy":"product_tag","embeddable":true,"href":"https:\/\/spliteletro.com.br\/pt\/wp-json\/wp\/v2\/product_tag?post=2162"}],"curies":[{"name":"wp","href":"https:\/\/api.w.org\/{rel}","templated":true}]}}