{"id":2180,"date":"2026-05-05T17:09:26","date_gmt":"2026-05-05T20:09:26","guid":{"rendered":"https:\/\/spliteletro.com.br\/?post_type=product&#038;p=2180"},"modified":"2026-05-05T17:09:26","modified_gmt":"2026-05-05T20:09:26","slug":"motor-evaporador-tcl-philco-ykfg-45-4-11","status":"publish","type":"product","link":"https:\/\/spliteletro.com.br\/pt\/produto\/motor-evaporador-tcl-philco-ykfg-45-4-11\/","title":{"rendered":"Motor Evaporador &#8211; TCL\/Philco &#8211; YKFG-45-4-11"},"content":{"rendered":"<p>Motor de Ventilador (Fan Motor)<\/p>\n<p>Marca: TCL \/ Philco<\/p>\n<p>C\u00f3digo: YKFG-45-4-11<\/p>\n<p>Modelo: RPG45<\/p>\n<p><strong>24\/30k\u00a0<\/strong>BTUs<\/p>\n<p>Compat\u00edvel com aparelhos Frio ou Quente\/Frio<\/p>\n<p>Pot\u00eancia: 45W<\/p>\n<p>Tens\u00e3o: 220-240V<\/p>\n<p>Corrente: 0.40A<\/p>\n<p>Frequ\u00eancia: 50\/60Hz<\/p>\n<p>Capacitor necess\u00e1rio: 3.0\u00b5F \/ 450V.<\/p>\n<p>Marcas de Ar-Condicionado Compat\u00edveis: Philco, TCL, Agratto, Elgin e Springer Midea.<\/p>\n<p>Modelos Compativeis:<\/p>\n<ul>\n<li>PAC24000IFM4, PAC24000IQFM4, PAC30000FM9, PH24000FM4 e PH24000QFM4.<\/li>\n<li>TAC-24CSA, TAC-24CSA-INV, TAC-24CHSA e TAC-24CHSA1.<\/li>\n<\/ul>","protected":false},"excerpt":{"rendered":"<p>Motor de Ventilador (Fan Motor) Marca: TCL \/ Philco C\u00f3digo: YKFG-45-4-11 Modelo: RPG45 24\/30k\u00a0BTUs Compat\u00edvel com aparelhos Frio ou Quente\/Frio Pot\u00eancia: 45W Tens\u00e3o: 220-240V Corrente: 0.40A Frequ\u00eancia: 50\/60Hz Capacitor necess\u00e1rio: 3.0\u00b5F \/ 450V. Marcas de Ar-Condicionado Compat\u00edveis: Philco, TCL, Agratto, Elgin e Springer Midea. Modelos Compativeis: PAC24000IFM4, PAC24000IQFM4, PAC30000FM9, PH24000FM4 e PH24000QFM4. TAC-24CSA, TAC-24CSA-INV, TAC-24CHSA [&hellip;]<\/p>\n","protected":false},"featured_media":2183,"comment_status":"open","ping_status":"closed","template":"","meta":{"_joinchat":[]},"product_brand":[],"product_cat":[40,41,49],"product_tag":[],"class_list":{"0":"post-2180","1":"product","2":"type-product","3":"status-publish","4":"has-post-thumbnail","6":"product_cat-evaporadora","7":"product_cat-motores","8":"product_cat-philco","9":"product_shipping_class-super-frete","11":"first","12":"instock","13":"shipping-taxable","14":"purchasable","15":"product-type-simple"},"_links":{"self":[{"href":"https:\/\/spliteletro.com.br\/pt\/wp-json\/wp\/v2\/product\/2180","targetHints":{"allow":["GET"]}}],"collection":[{"href":"https:\/\/spliteletro.com.br\/pt\/wp-json\/wp\/v2\/product"}],"about":[{"href":"https:\/\/spliteletro.com.br\/pt\/wp-json\/wp\/v2\/types\/product"}],"replies":[{"embeddable":true,"href":"https:\/\/spliteletro.com.br\/pt\/wp-json\/wp\/v2\/comments?post=2180"}],"wp:featuredmedia":[{"embeddable":true,"href":"https:\/\/spliteletro.com.br\/pt\/wp-json\/wp\/v2\/media\/2183"}],"wp:attachment":[{"href":"https:\/\/spliteletro.com.br\/pt\/wp-json\/wp\/v2\/media?parent=2180"}],"wp:term":[{"taxonomy":"product_brand","embeddable":true,"href":"https:\/\/spliteletro.com.br\/pt\/wp-json\/wp\/v2\/product_brand?post=2180"},{"taxonomy":"product_cat","embeddable":true,"href":"https:\/\/spliteletro.com.br\/pt\/wp-json\/wp\/v2\/product_cat?post=2180"},{"taxonomy":"product_tag","embeddable":true,"href":"https:\/\/spliteletro.com.br\/pt\/wp-json\/wp\/v2\/product_tag?post=2180"}],"curies":[{"name":"wp","href":"https:\/\/api.w.org\/{rel}","templated":true}]}}