{"id":545,"date":"2023-12-05T19:38:36","date_gmt":"2023-12-05T19:38:36","guid":{"rendered":"https:\/\/spliteletro.com.br\/?post_type=product&#038;p=545"},"modified":"2025-08-05T16:32:59","modified_gmt":"2025-08-05T19:32:59","slug":"controle-ar-condicionado-springer","status":"publish","type":"product","link":"https:\/\/spliteletro.com.br\/pt\/produto\/controle-ar-condicionado-springer\/","title":{"rendered":"Controle Ar-Condicionado &#8211; Springer"},"content":{"rendered":"<p>Marca: Springer<\/p>\n<p>C\u00f3digo CR 41014011<\/p>\n<p>Aplica-se nos Aparelhos:<\/p>\n<ul>\n<li>Ar Condicionado Split Piso Teto Springer Silvermaxi<\/li>\n<li>Ar Condicionado Springer PISO TETO SPACE e DUTADO<\/li>\n<\/ul>\n<p>Aplica em aparelhos nos seguintes modelos:<\/p>\n<ul>\n<li>42XQB018515LC<\/li>\n<li>42XQB018515LS<\/li>\n<li>42XQC018515LC<\/li>\n<li>42XQC18515LS<\/li>\n<li>42XQB024515LC<\/li>\n<li>42XQB024515LS<\/li>\n<li>42XQC024515LC<\/li>\n<\/ul>\n<p>Controle remoto compat\u00edvel Cod: 41014012<\/p>\n<p>Aten\u00e7\u00e3o:<br \/>\n&#8211; Produto novo Original<br \/>\n&#8211; Incluso Suporte<br \/>\n&#8211; Cont\u00e9m 1 pe\u00e7a<br \/>\n&#8211; Verifique a compatibilidade do seu aparelho, n\u00e3o nos responsabilizamos por incompatibilidades.<br \/>\n&#8211; Produto novo nunca usado e original<\/p>","protected":false},"excerpt":{"rendered":"<p>Marca: Springer C\u00f3digo CR 41014011 Aplica-se nos Aparelhos: Ar Condicionado Split Piso Teto Springer Silvermaxi Ar Condicionado Springer PISO TETO SPACE e DUTADO Aplica em aparelhos nos seguintes modelos: 42XQB018515LC 42XQB018515LS 42XQC018515LC 42XQC18515LS 42XQB024515LC 42XQB024515LS 42XQC024515LC Controle remoto compat\u00edvel Cod: 41014012 Aten\u00e7\u00e3o: &#8211; Produto novo Original &#8211; Incluso Suporte &#8211; Cont\u00e9m 1 pe\u00e7a &#8211; Verifique [&hellip;]<\/p>","protected":false},"featured_media":546,"comment_status":"open","ping_status":"closed","template":"","meta":{"_joinchat":[]},"product_brand":[],"product_cat":[43],"product_tag":[],"class_list":{"0":"post-545","1":"product","2":"type-product","3":"status-publish","4":"has-post-thumbnail","6":"product_cat-controle","7":"product_shipping_class-super-frete","9":"first","10":"instock","11":"sale","12":"shipping-taxable","13":"purchasable","14":"product-type-simple"},"_links":{"self":[{"href":"https:\/\/spliteletro.com.br\/pt\/wp-json\/wp\/v2\/product\/545","targetHints":{"allow":["GET"]}}],"collection":[{"href":"https:\/\/spliteletro.com.br\/pt\/wp-json\/wp\/v2\/product"}],"about":[{"href":"https:\/\/spliteletro.com.br\/pt\/wp-json\/wp\/v2\/types\/product"}],"replies":[{"embeddable":true,"href":"https:\/\/spliteletro.com.br\/pt\/wp-json\/wp\/v2\/comments?post=545"}],"wp:featuredmedia":[{"embeddable":true,"href":"https:\/\/spliteletro.com.br\/pt\/wp-json\/wp\/v2\/media\/546"}],"wp:attachment":[{"href":"https:\/\/spliteletro.com.br\/pt\/wp-json\/wp\/v2\/media?parent=545"}],"wp:term":[{"taxonomy":"product_brand","embeddable":true,"href":"https:\/\/spliteletro.com.br\/pt\/wp-json\/wp\/v2\/product_brand?post=545"},{"taxonomy":"product_cat","embeddable":true,"href":"https:\/\/spliteletro.com.br\/pt\/wp-json\/wp\/v2\/product_cat?post=545"},{"taxonomy":"product_tag","embeddable":true,"href":"https:\/\/spliteletro.com.br\/pt\/wp-json\/wp\/v2\/product_tag?post=545"}],"curies":[{"name":"wp","href":"https:\/\/api.w.org\/{rel}","templated":true}]}}