{"id":675,"date":"2024-01-19T17:20:40","date_gmt":"2024-01-19T17:20:40","guid":{"rendered":"https:\/\/spliteletro.com.br\/?post_type=product&#038;p=675"},"modified":"2026-04-14T17:33:46","modified_gmt":"2026-04-14T20:33:46","slug":"placa-inversora-lg-ebr33949305202211100085","status":"publish","type":"product","link":"https:\/\/spliteletro.com.br\/pt\/produto\/placa-inversora-lg-ebr33949305202211100085\/","title":{"rendered":"Placa Inversora &#8211; EBR339493052"},"content":{"rendered":"<p>C\u00f3digo:\u00a0 EBR339493052<\/p>\n<p>Atende para Quente-Frio e S\u00f3 Frio<\/p>\n<p><strong>48\/60k<\/strong> BTUs<\/p>\n<p>Modelos Compat\u00edveis:<\/p>\n<ul>\n<li>ATUW48GMLP1<\/li>\n<li>ATUW60GMLP1<\/li>\n<li>AVUW48GM2P1<\/li>\n<\/ul>\n<p>Linha Cassete:<\/p>\n<ul>\n<li>ATUW48GMLP1 (e varia\u00e7\u00f5es .AWGZBR1, .AWGZBRZ)<\/li>\n<li>ATUW60GMLP1 (e varia\u00e7\u00f5es .AWGZBR1, .AWGZBRZ)<\/li>\n<\/ul>\n<p>Linha Piso-Teto:<\/p>\n<ul>\n<li>AVUW48GM2P1 (e varia\u00e7\u00e3o .AWGZBRZ)<\/li>\n<li>AVUW60GM2P1 (e varia\u00e7\u00e3o .AWGZBRZ)<\/li>\n<\/ul>","protected":false},"excerpt":{"rendered":"<p>C\u00f3digo:\u00a0 EBR339493052 Atende para Quente-Frio e S\u00f3 Frio 48\/60k BTUs Modelos Compat\u00edveis: ATUW48GMLP1 ATUW60GMLP1 AVUW48GM2P1 Linha Cassete: ATUW48GMLP1 (e varia\u00e7\u00f5es .AWGZBR1, .AWGZBRZ) ATUW60GMLP1 (e varia\u00e7\u00f5es .AWGZBR1, .AWGZBRZ) Linha Piso-Teto: AVUW48GM2P1 (e varia\u00e7\u00e3o .AWGZBRZ) AVUW60GM2P1 (e varia\u00e7\u00e3o .AWGZBRZ)<\/p>","protected":false},"featured_media":666,"comment_status":"open","ping_status":"closed","template":"","meta":{"_joinchat":[]},"product_brand":[],"product_cat":[17],"product_tag":[],"class_list":{"0":"post-675","1":"product","2":"type-product","3":"status-publish","4":"has-post-thumbnail","6":"product_cat-placa-de-ar-condicionado","7":"product_shipping_class-super-frete","9":"first","10":"instock","11":"sale","12":"shipping-taxable","13":"purchasable","14":"product-type-simple"},"_links":{"self":[{"href":"https:\/\/spliteletro.com.br\/pt\/wp-json\/wp\/v2\/product\/675","targetHints":{"allow":["GET"]}}],"collection":[{"href":"https:\/\/spliteletro.com.br\/pt\/wp-json\/wp\/v2\/product"}],"about":[{"href":"https:\/\/spliteletro.com.br\/pt\/wp-json\/wp\/v2\/types\/product"}],"replies":[{"embeddable":true,"href":"https:\/\/spliteletro.com.br\/pt\/wp-json\/wp\/v2\/comments?post=675"}],"wp:featuredmedia":[{"embeddable":true,"href":"https:\/\/spliteletro.com.br\/pt\/wp-json\/wp\/v2\/media\/666"}],"wp:attachment":[{"href":"https:\/\/spliteletro.com.br\/pt\/wp-json\/wp\/v2\/media?parent=675"}],"wp:term":[{"taxonomy":"product_brand","embeddable":true,"href":"https:\/\/spliteletro.com.br\/pt\/wp-json\/wp\/v2\/product_brand?post=675"},{"taxonomy":"product_cat","embeddable":true,"href":"https:\/\/spliteletro.com.br\/pt\/wp-json\/wp\/v2\/product_cat?post=675"},{"taxonomy":"product_tag","embeddable":true,"href":"https:\/\/spliteletro.com.br\/pt\/wp-json\/wp\/v2\/product_tag?post=675"}],"curies":[{"name":"wp","href":"https:\/\/api.w.org\/{rel}","templated":true}]}}