{"id":935,"date":"2024-03-22T18:40:47","date_gmt":"2024-03-22T18:40:47","guid":{"rendered":"https:\/\/spliteletro.com.br\/?post_type=product&#038;p=935"},"modified":"2025-08-07T14:25:47","modified_gmt":"2025-08-07T17:25:47","slug":"placa-de-potencia-philco-13134090937","status":"publish","type":"product","link":"https:\/\/spliteletro.com.br\/pt\/produto\/placa-de-potencia-philco-13134090937\/","title":{"rendered":"Placa de Potencia Condensadora &#8211; Midea &#8211; AC60I07.RWMB.220728 &#8211; 05966270"},"content":{"rendered":"<p>Marca: Midea<\/p>\n<p>C\u00f3digo: AC60I07.RWMB.220728 \/ AC60I05.RWMB.210325<\/p>\n<p>AC60I07.WM2.V002 \/ AC60I07.WM.V001<\/p>\n<p>C\u00f3digo de Fabrica\u00e7\u00e3o: 05966270<\/p>\n<p><strong>36k <\/strong>BTUs<\/p>\n<p>Modelos Aplicados:<\/p>\n<ul>\n<li>38CCVD30515MC<\/li>\n<li>38CCVD36515MC<\/li>\n<li>38CCVD36515MM<\/li>\n<li>38CCVD48515MC<\/li>\n<li>38CQVD30515MC<\/li>\n<li>38CQVD36515MC<\/li>\n<li>38CQVD48515MC<\/li>\n<\/ul>","protected":false},"excerpt":{"rendered":"<p>Marca: Midea C\u00f3digo: AC60I07.RWMB.220728 \/ AC60I05.RWMB.210325 AC60I07.WM2.V002 \/ AC60I07.WM.V001 C\u00f3digo de Fabrica\u00e7\u00e3o: 05966270 36k BTUs Modelos Aplicados: 38CCVD30515MC 38CCVD36515MC 38CCVD36515MM 38CCVD48515MC 38CQVD30515MC 38CQVD36515MC 38CQVD48515MC<\/p>","protected":false},"featured_media":936,"comment_status":"open","ping_status":"closed","template":"","meta":{"_joinchat":[]},"product_brand":[],"product_cat":[39,46],"product_tag":[],"class_list":{"0":"post-935","1":"product","2":"type-product","3":"status-publish","4":"has-post-thumbnail","6":"product_cat-condensadora","7":"product_cat-midea","8":"product_shipping_class-super-frete","10":"first","11":"instock","12":"sale","13":"shipping-taxable","14":"purchasable","15":"product-type-simple"},"_links":{"self":[{"href":"https:\/\/spliteletro.com.br\/pt\/wp-json\/wp\/v2\/product\/935","targetHints":{"allow":["GET"]}}],"collection":[{"href":"https:\/\/spliteletro.com.br\/pt\/wp-json\/wp\/v2\/product"}],"about":[{"href":"https:\/\/spliteletro.com.br\/pt\/wp-json\/wp\/v2\/types\/product"}],"replies":[{"embeddable":true,"href":"https:\/\/spliteletro.com.br\/pt\/wp-json\/wp\/v2\/comments?post=935"}],"wp:featuredmedia":[{"embeddable":true,"href":"https:\/\/spliteletro.com.br\/pt\/wp-json\/wp\/v2\/media\/936"}],"wp:attachment":[{"href":"https:\/\/spliteletro.com.br\/pt\/wp-json\/wp\/v2\/media?parent=935"}],"wp:term":[{"taxonomy":"product_brand","embeddable":true,"href":"https:\/\/spliteletro.com.br\/pt\/wp-json\/wp\/v2\/product_brand?post=935"},{"taxonomy":"product_cat","embeddable":true,"href":"https:\/\/spliteletro.com.br\/pt\/wp-json\/wp\/v2\/product_cat?post=935"},{"taxonomy":"product_tag","embeddable":true,"href":"https:\/\/spliteletro.com.br\/pt\/wp-json\/wp\/v2\/product_tag?post=935"}],"curies":[{"name":"wp","href":"https:\/\/api.w.org\/{rel}","templated":true}]}}