{"id":98,"date":"2023-05-19T21:17:51","date_gmt":"2023-05-19T21:17:51","guid":{"rendered":"https:\/\/spliteletro.com.br\/?post_type=product&#038;p=98"},"modified":"2025-11-20T12:48:29","modified_gmt":"2025-11-20T15:48:29","slug":"placa-condensadora-ar-condicionado-split-lg-ebr73110711-copia-copia-5","status":"publish","type":"product","link":"https:\/\/spliteletro.com.br\/pt\/produto\/placa-condensadora-ar-condicionado-split-lg-ebr73110711-copia-copia-5\/","title":{"rendered":"Placa Condensadora Inverter Gree GWH09QA \/ GWH12QC"},"content":{"rendered":"<h2>PLACA ELETRONICA AR CONDICIONADO GREE<\/h2>\n<h3>Especifica\u00e7\u00f5es T\u00e9cnicas da Placa Eletr\u00f4nica Ar Condicionado Gree<\/h3>\n<p>Marca: GREE<\/p>\n<p>C\u00f3digo: 300027000322<\/p>\n<p>S\u00f3 Fria<\/p>\n<p>Modelos atendidos: Gwh12qc-D3dnb8m\/O . GWH09QA-D3DNB8M\/O<\/p>","protected":false},"excerpt":{"rendered":"<h3>O Produto Placa Eletr\u00f4nica Ar Condicionado GREE Gwh09qa \/ Gwh12qc<\/h3>\n<p>&nbsp;<\/p>","protected":false},"featured_media":472,"comment_status":"open","ping_status":"closed","template":"","meta":{"_joinchat":[]},"product_brand":[],"product_cat":[42,28],"product_tag":[],"class_list":{"0":"post-98","1":"product","2":"type-product","3":"status-publish","4":"has-post-thumbnail","6":"product_cat-gree","7":"product_cat-marcas","8":"product_shipping_class-super-frete","10":"first","11":"outofstock","12":"sale","13":"shipping-taxable","14":"purchasable","15":"product-type-simple"},"_links":{"self":[{"href":"https:\/\/spliteletro.com.br\/pt\/wp-json\/wp\/v2\/product\/98","targetHints":{"allow":["GET"]}}],"collection":[{"href":"https:\/\/spliteletro.com.br\/pt\/wp-json\/wp\/v2\/product"}],"about":[{"href":"https:\/\/spliteletro.com.br\/pt\/wp-json\/wp\/v2\/types\/product"}],"replies":[{"embeddable":true,"href":"https:\/\/spliteletro.com.br\/pt\/wp-json\/wp\/v2\/comments?post=98"}],"wp:featuredmedia":[{"embeddable":true,"href":"https:\/\/spliteletro.com.br\/pt\/wp-json\/wp\/v2\/media\/472"}],"wp:attachment":[{"href":"https:\/\/spliteletro.com.br\/pt\/wp-json\/wp\/v2\/media?parent=98"}],"wp:term":[{"taxonomy":"product_brand","embeddable":true,"href":"https:\/\/spliteletro.com.br\/pt\/wp-json\/wp\/v2\/product_brand?post=98"},{"taxonomy":"product_cat","embeddable":true,"href":"https:\/\/spliteletro.com.br\/pt\/wp-json\/wp\/v2\/product_cat?post=98"},{"taxonomy":"product_tag","embeddable":true,"href":"https:\/\/spliteletro.com.br\/pt\/wp-json\/wp\/v2\/product_tag?post=98"}],"curies":[{"name":"wp","href":"https:\/\/api.w.org\/{rel}","templated":true}]}}